{"id":423,"date":"2023-04-10T12:50:48","date_gmt":"2023-04-10T10:50:48","guid":{"rendered":"https:\/\/noscollections.ddns.net\/missionssecours\/?page_id=423"},"modified":"2023-04-10T12:50:48","modified_gmt":"2023-04-10T10:50:48","slug":"les-outils","status":"publish","type":"page","link":"https:\/\/noscollections.ddns.net\/missionssecours\/?page_id=423","title":{"rendered":"Les outils"},"content":{"rendered":"<p>Voici quelques \u00e9l\u00e9ments qui pourront vous aider dans la r\u00e9alisation de vos jeux de soci\u00e9t\u00e9<\/p><h1 class=\"wp-block-heading\">Ordinateur<\/h1><div class=\"wp-block-image\"><figure class=\"alignright size-full is-resized\"><img loading=\"lazy\" decoding=\"async\" src=\"https:\/\/noscollections.ddns.net\/missionssecours\/wp-content\/uploads\/2023\/04\/ordinateur.png\" alt=\"\" class=\"wp-image-492\" width=\"285\" height=\"220\" srcset=\"https:\/\/noscollections.ddns.net\/missionssecours\/wp-content\/uploads\/2023\/04\/ordinateur.png 599w, https:\/\/noscollections.ddns.net\/missionssecours\/wp-content\/uploads\/2023\/04\/ordinateur-300x231.png 300w\" sizes=\"auto, (max-width: 285px) 100vw, 285px\" \/><\/figure><\/div><p>Pour r\u00e9diger, concevoir<\/p><ul class=\"wp-block-list\"><li>Libreoffice (Suite bureautique)<ul class=\"wp-block-list\"><li>Traitement de texte<\/li>\n\n<li>Tableur<\/li>\n\n<li>Pr\u00e9sentation<\/li>\n\n<li>Dessins<\/li><\/ul><\/li>\n\n<li>Gimp (traitement d&rsquo;images et photos)<\/li>\n\n<li>Inkscape (dessin vectoriel)<\/li><\/ul><p>text<\/p><h1 class=\"wp-block-heading\">Imprimante<\/h1><div class=\"wp-block-image\"><figure class=\"alignright size-full is-resized\"><img loading=\"lazy\" decoding=\"async\" src=\"https:\/\/noscollections.ddns.net\/missionssecours\/wp-content\/uploads\/2023\/04\/imprimante.png\" alt=\"\" class=\"wp-image-495\" width=\"325\" height=\"241\" srcset=\"https:\/\/noscollections.ddns.net\/missionssecours\/wp-content\/uploads\/2023\/04\/imprimante.png 400w, https:\/\/noscollections.ddns.net\/missionssecours\/wp-content\/uploads\/2023\/04\/imprimante-300x222.png 300w, https:\/\/noscollections.ddns.net\/missionssecours\/wp-content\/uploads\/2023\/04\/imprimante-136x102.png 136w\" sizes=\"auto, (max-width: 325px) 100vw, 325px\" \/><\/figure><\/div><p>Pour imprimer vos cartes de jeux, vos plateaux, vos r\u00e8gles. <\/p><p>i une jet d&rsquo;encre suffit, une technologie laser permet une impression plus propre et plus rapide.<\/p><p>Pour le format, une impression A4 (210x297mm) suffit pour imprimer des cartes et les r\u00e8gles. Pour les plateaux il est conseill\u00e9 d&rsquo;imprimer en A3 (420x297mm).<\/p><h1 class=\"wp-block-heading\">Plastifieuse<\/h1><div class=\"wp-block-image\"><figure class=\"alignright size-full is-resized\"><img loading=\"lazy\" decoding=\"async\" src=\"https:\/\/noscollections.ddns.net\/missionssecours\/wp-content\/uploads\/2023\/04\/plastifieuse.png\" alt=\"\" class=\"wp-image-490\" width=\"346\" height=\"159\" srcset=\"https:\/\/noscollections.ddns.net\/missionssecours\/wp-content\/uploads\/2023\/04\/plastifieuse.png 656w, https:\/\/noscollections.ddns.net\/missionssecours\/wp-content\/uploads\/2023\/04\/plastifieuse-300x138.png 300w, https:\/\/noscollections.ddns.net\/missionssecours\/wp-content\/uploads\/2023\/04\/plastifieuse-600x276.png 600w\" sizes=\"auto, (max-width: 346px) 100vw, 346px\" \/><\/figure><\/div><p>Apr\u00e8s l&rsquo;impression sur l&rsquo;imprimante, l&rsquo;id\u00e9ale pour prot\u00e9ger les cartes et les plateaux c&rsquo;est la plastifieuse.<\/p><p>Il existe plusieurs \u00e9paisseurs de pochettes plastiques, la plus fine suffit pour les cartes. Vous pouvez utiliser une pochette l\u00e9g\u00e8rement plus \u00e9paisse pour les plateaux.<\/p><h1 class=\"wp-block-heading\">Imprimante 3D<\/h1><div class=\"wp-block-image\"><figure class=\"alignright size-full is-resized\"><img loading=\"lazy\" decoding=\"async\" src=\"https:\/\/noscollections.ddns.net\/missionssecours\/wp-content\/uploads\/2023\/04\/3d_print.png\" alt=\"\" class=\"wp-image-488\" width=\"272\" height=\"277\" srcset=\"https:\/\/noscollections.ddns.net\/missionssecours\/wp-content\/uploads\/2023\/04\/3d_print.png 481w, https:\/\/noscollections.ddns.net\/missionssecours\/wp-content\/uploads\/2023\/04\/3d_print-295x300.png 295w\" sizes=\"auto, (max-width: 272px) 100vw, 272px\" \/><\/figure><\/div><p>Id\u00e9ale pour r\u00e9aliser ses propres pions, range d\u00e9s et pions.<\/p><p>Presque tout est possible.<\/p><p>J&rsquo;utilise une Ender 3 V2 de Creality qui a un bon rapport qualit\u00e9 prix<br><a href=\"https:\/\/affiliate.geekbuying.com\/gkbaffiliate.php?id=4208&amp;url=883198\" target=\"_blank\" rel=\"noreferrer noopener\">https:\/\/www.geekbuying.com\/item\/Creality-Ender-3-V2-Neo-3D-Printer-471203.html<\/a><\/p><p>un bon site pour trouver de quoi r\u00e9aliser : <a href=\"https:\/\/www.thingiverse.com\/\" target=\"_blank\" rel=\"noreferrer noopener\">https:\/\/www.thingiverse.com\/<\/a><\/p><p>Vous pourrez trouver des fichiers d&rsquo;impression 3D sans la section <a href=\"https:\/\/noscollections.ddns.net\/missionssecours\/?page_id=185\">t\u00e9l\u00e9chargements<\/a>.<\/p><h1 class=\"wp-block-heading\">Graveuse laser<\/h1><div class=\"wp-block-image\"><figure class=\"alignright size-full is-resized\"><img loading=\"lazy\" decoding=\"async\" src=\"https:\/\/noscollections.ddns.net\/missionssecours\/wp-content\/uploads\/2023\/04\/laser_cut.png\" alt=\"\" class=\"wp-image-489\" width=\"337\" height=\"176\" srcset=\"https:\/\/noscollections.ddns.net\/missionssecours\/wp-content\/uploads\/2023\/04\/laser_cut.png 577w, https:\/\/noscollections.ddns.net\/missionssecours\/wp-content\/uploads\/2023\/04\/laser_cut-300x156.png 300w\" sizes=\"auto, (max-width: 337px) 100vw, 337px\" \/><\/figure><\/div><p>Outil id\u00e9ale pour d\u00e9couper du papier, du bois et d&rsquo;autres mat\u00e9riaux. Mais peu aussi graver un grand nombre de mat\u00e9riaux.<\/p><p>J&rsquo;ai une Ortur Laser Master 3 qui me donne enti\u00e8re satisfaction.<\/p><p>Lien sur Geekguying : <a href=\"https:\/\/affiliate.geekbuying.com\/gkbaffiliate.php?id=4208&amp;url=883197\" target=\"_blank\" rel=\"noreferrer noopener\">https:\/\/www.geekbuying.com\/item\/ORTUR-Laser-Master-3-10W-Laser-Engraver-Cutter-EU-Plug-509050.html<\/a><\/p><p><\/p>","protected":false},"excerpt":{"rendered":"<p>Voici quelques \u00e9l\u00e9ments qui pourront vous aider dans la r\u00e9alisation de vos jeux de soci\u00e9t\u00e9 Ordinateur Pour r\u00e9diger, concevoir text Imprimante Pour imprimer vos cartes de jeux, vos plateaux, vos&hellip; <\/p>\n","protected":false},"author":1,"featured_media":0,"parent":0,"menu_order":0,"comment_status":"closed","ping_status":"closed","template":"","meta":{"footnotes":""},"class_list":["post-423","page","type-page","status-publish","hentry"],"yoast_head":"<!-- This site is optimized with the Yoast SEO plugin v23.4 - https:\/\/yoast.com\/wordpress\/plugins\/seo\/ -->\n<title>Les outils - missions secours backup<\/title>\n<meta name=\"robots\" content=\"noindex, follow, max-snippet:-1, max-image-preview:large, max-video-preview:-1\" \/>\n<meta property=\"og:locale\" content=\"fr_FR\" \/>\n<meta property=\"og:type\" content=\"article\" \/>\n<meta property=\"og:title\" content=\"Les outils - missions secours backup\" \/>\n<meta property=\"og:description\" content=\"Voici quelques \u00e9l\u00e9ments qui pourront vous aider dans la r\u00e9alisation de vos jeux de soci\u00e9t\u00e9 Ordinateur Pour r\u00e9diger, concevoir text Imprimante Pour imprimer vos cartes de jeux, vos plateaux, vos&hellip;\" \/>\n<meta property=\"og:url\" content=\"https:\/\/noscollections.ddns.net\/missionssecours\/?page_id=423\" \/>\n<meta property=\"og:site_name\" content=\"missions secours backup\" \/>\n<meta property=\"og:image\" content=\"https:\/\/noscollections.ddns.net\/missionssecours\/wp-content\/uploads\/2023\/04\/ordinateur.png\" \/>\n<meta name=\"twitter:card\" content=\"summary_large_image\" \/>\n<meta name=\"twitter:label1\" content=\"Dur\u00e9e de lecture estim\u00e9e\" \/>\n\t<meta name=\"twitter:data1\" content=\"1 minute\" \/>\n<script type=\"application\/ld+json\" class=\"yoast-schema-graph\">{\"@context\":\"https:\/\/schema.org\",\"@graph\":[{\"@type\":\"WebPage\",\"@id\":\"https:\/\/noscollections.ddns.net\/missionssecours\/?page_id=423\",\"url\":\"https:\/\/noscollections.ddns.net\/missionssecours\/?page_id=423\",\"name\":\"Les outils - missions secours backup\",\"isPartOf\":{\"@id\":\"https:\/\/noscollections.ddns.net\/missionssecours\/#website\"},\"primaryImageOfPage\":{\"@id\":\"https:\/\/noscollections.ddns.net\/missionssecours\/?page_id=423#primaryimage\"},\"image\":{\"@id\":\"https:\/\/noscollections.ddns.net\/missionssecours\/?page_id=423#primaryimage\"},\"thumbnailUrl\":\"https:\/\/noscollections.ddns.net\/missionssecours\/wp-content\/uploads\/2023\/04\/ordinateur.png\",\"datePublished\":\"2023-04-10T10:50:48+00:00\",\"dateModified\":\"2023-04-10T10:50:48+00:00\",\"breadcrumb\":{\"@id\":\"https:\/\/noscollections.ddns.net\/missionssecours\/?page_id=423#breadcrumb\"},\"inLanguage\":\"fr-FR\",\"potentialAction\":[{\"@type\":\"ReadAction\",\"target\":[\"https:\/\/noscollections.ddns.net\/missionssecours\/?page_id=423\"]}]},{\"@type\":\"ImageObject\",\"inLanguage\":\"fr-FR\",\"@id\":\"https:\/\/noscollections.ddns.net\/missionssecours\/?page_id=423#primaryimage\",\"url\":\"https:\/\/noscollections.ddns.net\/missionssecours\/wp-content\/uploads\/2023\/04\/ordinateur.png\",\"contentUrl\":\"https:\/\/noscollections.ddns.net\/missionssecours\/wp-content\/uploads\/2023\/04\/ordinateur.png\",\"width\":599,\"height\":462},{\"@type\":\"BreadcrumbList\",\"@id\":\"https:\/\/noscollections.ddns.net\/missionssecours\/?page_id=423#breadcrumb\",\"itemListElement\":[{\"@type\":\"ListItem\",\"position\":1,\"name\":\"Home\",\"item\":\"https:\/\/noscollections.ddns.net\/missionssecours\"},{\"@type\":\"ListItem\",\"position\":2,\"name\":\"Les outils\"}]},{\"@type\":\"WebSite\",\"@id\":\"https:\/\/noscollections.ddns.net\/missionssecours\/#website\",\"url\":\"https:\/\/noscollections.ddns.net\/missionssecours\/\",\"name\":\"missions secours backup\",\"description\":\"\",\"potentialAction\":[{\"@type\":\"SearchAction\",\"target\":{\"@type\":\"EntryPoint\",\"urlTemplate\":\"https:\/\/noscollections.ddns.net\/missionssecours\/?s={search_term_string}\"},\"query-input\":{\"@type\":\"PropertyValueSpecification\",\"valueRequired\":true,\"valueName\":\"search_term_string\"}}],\"inLanguage\":\"fr-FR\"}]}<\/script>\n<!-- \/ Yoast SEO plugin. -->","yoast_head_json":{"title":"Les outils - missions secours backup","robots":{"index":"noindex","follow":"follow","max-snippet":"max-snippet:-1","max-image-preview":"max-image-preview:large","max-video-preview":"max-video-preview:-1"},"og_locale":"fr_FR","og_type":"article","og_title":"Les outils - missions secours backup","og_description":"Voici quelques \u00e9l\u00e9ments qui pourront vous aider dans la r\u00e9alisation de vos jeux de soci\u00e9t\u00e9 Ordinateur Pour r\u00e9diger, concevoir text Imprimante Pour imprimer vos cartes de jeux, vos plateaux, vos&hellip;","og_url":"https:\/\/noscollections.ddns.net\/missionssecours\/?page_id=423","og_site_name":"missions secours backup","og_image":[{"url":"https:\/\/noscollections.ddns.net\/missionssecours\/wp-content\/uploads\/2023\/04\/ordinateur.png"}],"twitter_card":"summary_large_image","twitter_misc":{"Dur\u00e9e de lecture estim\u00e9e":"1 minute"},"schema":{"@context":"https:\/\/schema.org","@graph":[{"@type":"WebPage","@id":"https:\/\/noscollections.ddns.net\/missionssecours\/?page_id=423","url":"https:\/\/noscollections.ddns.net\/missionssecours\/?page_id=423","name":"Les outils - missions secours backup","isPartOf":{"@id":"https:\/\/noscollections.ddns.net\/missionssecours\/#website"},"primaryImageOfPage":{"@id":"https:\/\/noscollections.ddns.net\/missionssecours\/?page_id=423#primaryimage"},"image":{"@id":"https:\/\/noscollections.ddns.net\/missionssecours\/?page_id=423#primaryimage"},"thumbnailUrl":"https:\/\/noscollections.ddns.net\/missionssecours\/wp-content\/uploads\/2023\/04\/ordinateur.png","datePublished":"2023-04-10T10:50:48+00:00","dateModified":"2023-04-10T10:50:48+00:00","breadcrumb":{"@id":"https:\/\/noscollections.ddns.net\/missionssecours\/?page_id=423#breadcrumb"},"inLanguage":"fr-FR","potentialAction":[{"@type":"ReadAction","target":["https:\/\/noscollections.ddns.net\/missionssecours\/?page_id=423"]}]},{"@type":"ImageObject","inLanguage":"fr-FR","@id":"https:\/\/noscollections.ddns.net\/missionssecours\/?page_id=423#primaryimage","url":"https:\/\/noscollections.ddns.net\/missionssecours\/wp-content\/uploads\/2023\/04\/ordinateur.png","contentUrl":"https:\/\/noscollections.ddns.net\/missionssecours\/wp-content\/uploads\/2023\/04\/ordinateur.png","width":599,"height":462},{"@type":"BreadcrumbList","@id":"https:\/\/noscollections.ddns.net\/missionssecours\/?page_id=423#breadcrumb","itemListElement":[{"@type":"ListItem","position":1,"name":"Home","item":"https:\/\/noscollections.ddns.net\/missionssecours"},{"@type":"ListItem","position":2,"name":"Les outils"}]},{"@type":"WebSite","@id":"https:\/\/noscollections.ddns.net\/missionssecours\/#website","url":"https:\/\/noscollections.ddns.net\/missionssecours\/","name":"missions secours backup","description":"","potentialAction":[{"@type":"SearchAction","target":{"@type":"EntryPoint","urlTemplate":"https:\/\/noscollections.ddns.net\/missionssecours\/?s={search_term_string}"},"query-input":{"@type":"PropertyValueSpecification","valueRequired":true,"valueName":"search_term_string"}}],"inLanguage":"fr-FR"}]}},"_links":{"self":[{"href":"https:\/\/noscollections.ddns.net\/missionssecours\/index.php?rest_route=\/wp\/v2\/pages\/423","targetHints":{"allow":["GET"]}}],"collection":[{"href":"https:\/\/noscollections.ddns.net\/missionssecours\/index.php?rest_route=\/wp\/v2\/pages"}],"about":[{"href":"https:\/\/noscollections.ddns.net\/missionssecours\/index.php?rest_route=\/wp\/v2\/types\/page"}],"author":[{"embeddable":true,"href":"https:\/\/noscollections.ddns.net\/missionssecours\/index.php?rest_route=\/wp\/v2\/users\/1"}],"replies":[{"embeddable":true,"href":"https:\/\/noscollections.ddns.net\/missionssecours\/index.php?rest_route=%2Fwp%2Fv2%2Fcomments&post=423"}],"version-history":[{"count":0,"href":"https:\/\/noscollections.ddns.net\/missionssecours\/index.php?rest_route=\/wp\/v2\/pages\/423\/revisions"}],"wp:attachment":[{"href":"https:\/\/noscollections.ddns.net\/missionssecours\/index.php?rest_route=%2Fwp%2Fv2%2Fmedia&parent=423"}],"curies":[{"name":"wp","href":"https:\/\/api.w.org\/{rel}","templated":true}]}}